{"id":42,"date":"2014-09-03T17:49:35","date_gmt":"2014-09-03T15:49:35","guid":{"rendered":"http:\/\/yoga-theresahiller.de\/?page_id=42"},"modified":"2021-09-14T05:36:24","modified_gmt":"2021-09-14T03:36:24","slug":"ueber-mich","status":"publish","type":"page","link":"http:\/\/yoga-theresahiller.de\/?page_id=42","title":{"rendered":"\u00dcber mich"},"content":{"rendered":"<p>Foto: Theresa Hiller Yogalehrerin BDY\/EYU<\/p>\n<p>Bereits als Jugendliche hegte ich gro\u00dfes Interesse an Yoga. Als Erwachsene begann ich in Braunschweig mit der Ausbildung zur Yogalehrerin und absolvierte 2001 die Pr\u00fcfung zur Yogalehrerin BDY\/EYU (Berufsverband der Yogalehrenden in Deutschland e.V.\/Europ\u00e4ische Yoga Union). Diese Ausbildung z\u00e4hlt\u00a0zu den gr\u00f6\u00dften und umfangreichsten Yogaausbildungen.<\/p>\n<p>W\u00e4hrend der Ausbildung\u00a0wurde mein Interesse an Yoga weiter gest\u00e4rkt. Es folgten weitere Ausbildungen zur TriYoga &#8211; Lehrerin mit erfolgreichen Abschl\u00fcssen in Basics, Level 1 und Level 2. \u00a02012 lernte ich Ashtanga Yoga kennen. Ashtanga Yoga ist eine der \u00e4ltesten Yoga-Traditionen der Welt und gilt als Ursprung von Hatha-Yoga. \u00a0Seit 2012 praktiziere ich kontinuierlich diesen Yogastil. 2020 absolvierte ich eine 3 Monatige Weiterbildung, Ashtanga Practictioners Intensive, bei Kino MacGregor und Tim Feldmann in Miami mit erfolgreichem Abschluss: 200 Stunden RYS Yoga Alliance.<\/p>\n<p>Yoga ist ein vielf\u00e4ltiges System, voller Brilianz und Klarheit.<\/p>\n<p>\u00dcbe best\u00e4ndig kleine Schritte, beginne mit kleinen Abfolgen, \u00fcbe einen guten Atemrhythmus.<\/p>\n<p>Theresa Hiller<\/p>\n<p>Theresa Hiller ist Yogalehrerin BDY\/EYU, Zertifizierte Yogalehrerin f\u00fcr Pr\u00e4ventionskurse der Krankenkassen, Tri-Yoga-Lehrerin und Ashtanga-Hatha-Yoga-Lehrerin. Sie ist langj\u00e4hrige Kursleiterin an der VHS W\u00fcrzburg, Erwachsenenbildungswerk Schr\u00f6derhaus W\u00fcrzburg und Missions\u00e4rztliches Institut W\u00fcrzburg. Als selbst\u00e4ndige Yogalehrerin bietet sie neben\u00a0Morgen,- und Abendkursen zus\u00e4tzlich Sommer-Yoga, Yoga zwischen den Jahren sowie Weiterbildungen zu bestimmten Themen-Schwerpunkten wie Mantra, Atmung, Asana-Schwerpunkten, an.<\/p>\n","protected":false},"excerpt":{"rendered":"<p>Foto: Theresa Hiller Yogalehrerin BDY\/EYU Bereits als Jugendliche hegte ich gro\u00dfes Interesse an Yoga. Als Erwachsene begann ich in Braunschweig mit der Ausbildung zur Yogalehrerin und absolvierte 2001 die Pr\u00fcfung zur Yogalehrerin BDY\/EYU (Berufsverband der Yogalehrenden in Deutschland e.V.\/Europ\u00e4ische Yoga Union). Diese Ausbildung z\u00e4hlt\u00a0zu den gr\u00f6\u00dften und umfangreichsten Yogaausbildungen. W\u00e4hrend der Ausbildung\u00a0wurde mein Interesse an [&hellip;]<\/p>\n","protected":false},"author":1,"featured_media":329,"parent":0,"menu_order":0,"comment_status":"open","ping_status":"open","template":"","meta":[],"_links":{"self":[{"href":"http:\/\/yoga-theresahiller.de\/index.php?rest_route=\/wp\/v2\/pages\/42"}],"collection":[{"href":"http:\/\/yoga-theresahiller.de\/index.php?rest_route=\/wp\/v2\/pages"}],"about":[{"href":"http:\/\/yoga-theresahiller.de\/index.php?rest_route=\/wp\/v2\/types\/page"}],"author":[{"embeddable":true,"href":"http:\/\/yoga-theresahiller.de\/index.php?rest_route=\/wp\/v2\/users\/1"}],"replies":[{"embeddable":true,"href":"http:\/\/yoga-theresahiller.de\/index.php?rest_route=%2Fwp%2Fv2%2Fcomments&post=42"}],"version-history":[{"count":12,"href":"http:\/\/yoga-theresahiller.de\/index.php?rest_route=\/wp\/v2\/pages\/42\/revisions"}],"predecessor-version":[{"id":971,"href":"http:\/\/yoga-theresahiller.de\/index.php?rest_route=\/wp\/v2\/pages\/42\/revisions\/971"}],"wp:featuredmedia":[{"embeddable":true,"href":"http:\/\/yoga-theresahiller.de\/index.php?rest_route=\/wp\/v2\/media\/329"}],"wp:attachment":[{"href":"http:\/\/yoga-theresahiller.de\/index.php?rest_route=%2Fwp%2Fv2%2Fmedia&parent=42"}],"curies":[{"name":"wp","href":"https:\/\/api.w.org\/{rel}","templated":true}]}}