{"id":419,"date":"2014-11-27T17:58:29","date_gmt":"2014-11-27T15:58:29","guid":{"rendered":"http:\/\/yoga-theresahiller.de\/?page_id=419"},"modified":"2024-04-14T10:32:41","modified_gmt":"2024-04-14T08:32:41","slug":"anmeldung","status":"publish","type":"page","link":"https:\/\/yoga-theresahiller.de\/?page_id=419","title":{"rendered":"Anmeldung"},"content":{"rendered":"<p><em><span style=\"text-decoration: underline;\"><span style=\"color: #ff0000; text-decoration: underline;\">Anmeldung zum Yogakurs<\/span><\/span><\/em><\/p>\n<p>Sende eine Mail an <a href=\"mailto:info@yoga-theresahiller.de\">info@yoga-theresahiller.de<\/a><\/p>\n<p>Bitte schreibe mir, ob Du bereits Yogaerfahrung hast und f\u00fcr welchen der Kurse Du Dich interessierst. Du kannst auch gerne bei Bedarf zwischen den Tagen springen.<\/p>\n<p>Du erh\u00e4lst nach Eingang Deiner Anmeldung eine R\u00fcckantwort\u00a0von mir per Mail.<\/p>\n<p>Die Teilnahme am Yogaunterricht findet auf eigene Verantwortung statt. Vers\u00e4umte Stunden verfallen nach Kursende.<\/p>\n<p>Mit Deiner Anmeldung best\u00e4tigst Du, dass Du die Allgemeinen Gesch\u00e4ftsbedingungen und Datenschutzhinweise im Impressum gelesen hast.<\/p>\n<p>Bitte beachten: Derzeit Aufnahmestopp f\u00fcr Yogalehrer.<\/p>\n","protected":false},"excerpt":{"rendered":"<p>Anmeldung zum Yogakurs Sende eine Mail an info@yoga-theresahiller.de Bitte schreibe mir, ob Du bereits Yogaerfahrung hast und f\u00fcr welchen der Kurse Du Dich interessierst. Du kannst auch gerne bei Bedarf zwischen den Tagen springen. Du erh\u00e4lst nach Eingang Deiner Anmeldung eine R\u00fcckantwort\u00a0von mir per Mail. Die Teilnahme am Yogaunterricht findet auf eigene Verantwortung statt. Vers\u00e4umte [&hellip;]<\/p>\n","protected":false},"author":1,"featured_media":0,"parent":0,"menu_order":0,"comment_status":"open","ping_status":"open","template":"","meta":[],"_links":{"self":[{"href":"https:\/\/yoga-theresahiller.de\/index.php?rest_route=\/wp\/v2\/pages\/419"}],"collection":[{"href":"https:\/\/yoga-theresahiller.de\/index.php?rest_route=\/wp\/v2\/pages"}],"about":[{"href":"https:\/\/yoga-theresahiller.de\/index.php?rest_route=\/wp\/v2\/types\/page"}],"author":[{"embeddable":true,"href":"https:\/\/yoga-theresahiller.de\/index.php?rest_route=\/wp\/v2\/users\/1"}],"replies":[{"embeddable":true,"href":"https:\/\/yoga-theresahiller.de\/index.php?rest_route=%2Fwp%2Fv2%2Fcomments&post=419"}],"version-history":[{"count":21,"href":"https:\/\/yoga-theresahiller.de\/index.php?rest_route=\/wp\/v2\/pages\/419\/revisions"}],"predecessor-version":[{"id":1056,"href":"https:\/\/yoga-theresahiller.de\/index.php?rest_route=\/wp\/v2\/pages\/419\/revisions\/1056"}],"wp:attachment":[{"href":"https:\/\/yoga-theresahiller.de\/index.php?rest_route=%2Fwp%2Fv2%2Fmedia&parent=419"}],"curies":[{"name":"wp","href":"https:\/\/api.w.org\/{rel}","templated":true}]}}